{"id":161,"date":"2020-02-17T14:59:59","date_gmt":"2020-02-17T14:59:59","guid":{"rendered":"http:\/\/bizix.premiumthemes.in\/?page_id=161"},"modified":"2024-09-21T10:25:01","modified_gmt":"2024-09-21T10:25:01","slug":"about-us","status":"publish","type":"page","link":"https:\/\/roborian.com\/pt\/about-us\/","title":{"rendered":"Sobre n\u00f3s"},"content":{"rendered":"<div data-elementor-type=\"wp-page\" data-elementor-id=\"161\" class=\"elementor elementor-161\">\n\t\t\t\t\t\t<section class=\"elementor-section elementor-top-section elementor-element elementor-element-31e82332 elementor-section-stretched elementor-section-boxed elementor-section-height-default elementor-section-height-default\" data-id=\"31e82332\" data-element_type=\"section\" data-settings=\"{&quot;stretch_section&quot;:&quot;section-stretched&quot;,&quot;background_background&quot;:&quot;classic&quot;}\">\n\t\t\t\t\t\t\t<div class=\"elementor-background-overlay\"><\/div>\n\t\t\t\t\t\t\t<div class=\"elementor-container elementor-column-gap-no\">\n\t\t\t\t\t<div class=\"elementor-column elementor-col-100 elementor-top-column elementor-element elementor-element-798f6e0f\" data-id=\"798f6e0f\" data-element_type=\"column\">\n\t\t\t<div class=\"elementor-widget-wrap elementor-element-populated\">\n\t\t\t\t\t\t<section class=\"elementor-section elementor-inner-section elementor-element elementor-element-1ac58d8e elementor-section-boxed elementor-section-height-default elementor-section-height-default\" data-id=\"1ac58d8e\" data-element_type=\"section\">\n\t\t\t\t\t\t<div class=\"elementor-container elementor-column-gap-no\">\n\t\t\t\t\t<div class=\"elementor-column elementor-col-50 elementor-inner-column elementor-element elementor-element-79e1b852\" data-id=\"79e1b852\" data-element_type=\"column\">\n\t\t\t<div class=\"elementor-widget-wrap elementor-element-populated\">\n\t\t\t\t\t\t<div class=\"elementor-element elementor-element-172b71bb gyan-title-st-line-after elementor-widget elementor-widget-gyan_title\" data-id=\"172b71bb\" data-element_type=\"widget\" data-widget_type=\"gyan_title.default\">\n\t\t\t\t<div class=\"elementor-widget-container\">\n\t\t\t\t\t\t\t<div class=\"gyan-title\">\r\n\t\t\t<h4 class=\"gyan-title-subtitle\"><span>Nossa miss\u00e3o<\/span><\/h4>\t\t<\/div>\r\n\t\t\t\t\t\t<\/div>\n\t\t\t\t<\/div>\n\t\t\t\t<div class=\"elementor-element elementor-element-254203a elementor-widget elementor-widget-text-editor\" data-id=\"254203a\" data-element_type=\"widget\" data-widget_type=\"text-editor.default\">\n\t\t\t\t<div class=\"elementor-widget-container\">\n\t\t\t\t\t\t\t\t\t<h2 style=\"display: inline; color: #d83030;\">Revolucionar o futuro atrav\u00e9s da democratiza\u00e7\u00e3o da tecnologia,<\/h2>\n<h4 style=\"display: inline;\">simplificando a sua acessibilidade e oferecendo solu\u00e7\u00f5es personalizadas e eficientes. Impulsionar a inova\u00e7\u00e3o e liderar mudan\u00e7as significativas para um mundo mais conectado, sustent\u00e1vel e justo.<\/h4>\t\t\t\t\t\t\t\t<\/div>\n\t\t\t\t<\/div>\n\t\t\t\t<div class=\"elementor-element elementor-element-34098c04 elementor-widget elementor-widget-image\" data-id=\"34098c04\" data-element_type=\"widget\" data-widget_type=\"image.default\">\n\t\t\t\t<div class=\"elementor-widget-container\">\n\t\t\t\t\t\t\t\t\t\t\t\t\t\t\t<img decoding=\"async\" src=\"http:\/\/roborian.com\/wp-content\/uploads\/2020\/02\/about-dot-curve.jpg\" title=\"\" alt=\"\" loading=\"lazy\" \/>\t\t\t\t\t\t\t\t\t\t\t\t\t\t\t<\/div>\n\t\t\t\t<\/div>\n\t\t\t\t<div class=\"elementor-element elementor-element-fc5dd0a gyan-title-st-line-after elementor-widget elementor-widget-gyan_title\" data-id=\"fc5dd0a\" data-element_type=\"widget\" data-widget_type=\"gyan_title.default\">\n\t\t\t\t<div class=\"elementor-widget-container\">\n\t\t\t\t\t\t\t<div class=\"gyan-title\">\r\n\t\t\t<h4 class=\"gyan-title-subtitle\"><span>Nossa vis\u00e3o<\/span><\/h4>\t\t<\/div>\r\n\t\t\t\t\t\t<\/div>\n\t\t\t\t<\/div>\n\t\t\t\t<div class=\"elementor-element elementor-element-8b3ec7e elementor-widget elementor-widget-text-editor\" data-id=\"8b3ec7e\" data-element_type=\"widget\" data-widget_type=\"text-editor.default\">\n\t\t\t\t<div class=\"elementor-widget-container\">\n\t\t\t\t\t\t\t\t\t<p>Ser a for\u00e7a motriz por tr\u00e1s de uma <strong><span style=\"color: #d83030;\">transforma\u00e7\u00e3o global,<\/span><\/strong> onde a tecnologia \u00e9 uma ferramenta acess\u00edvel e inclusiva, <strong><span style=\"color: #d83030;\">capacitando<\/span> <\/strong>indiv\u00edduos e comunidades a alcan\u00e7ar o seu m\u00e1ximo potencial. Visualizamos um mundo onde a <strong><span style=\"color: #d83030;\">inova\u00e7\u00e3o<\/span> <\/strong>\u00e9 alimentada pela <strong><span style=\"color: #d83030;\">diversidade<\/span> <\/strong>de perspectivas e onde a tecnologia \u00e9 usada para criar conex\u00f5es mais profundas, impulsionar a <strong><span style=\"color: #d83030;\">sustentabilidade<\/span><\/strong>&nbsp;e promover a <strong><span style=\"color: #d83030;\">igualdade<\/span><\/strong>. O nosso compromisso \u00e9 liderar essa jornada, inspirando outros a se unirem a n\u00f3s na constru\u00e7\u00e3o de um futuro mais pr\u00f3spero para todos.<\/p>\t\t\t\t\t\t\t\t<\/div>\n\t\t\t\t<\/div>\n\t\t\t\t<div class=\"elementor-element elementor-element-16a6e950 elementor-widget elementor-widget-button\" data-id=\"16a6e950\" data-element_type=\"widget\" data-widget_type=\"button.default\">\n\t\t\t\t<div class=\"elementor-widget-container\">\n\t\t\t\t\t\t\t\t\t<div class=\"elementor-button-wrapper\">\n\t\t\t\t\t<a class=\"elementor-button elementor-button-link elementor-size-sm\" href=\"http:\/\/roborian.com\/pt\/contact-us\/\">\n\t\t\t\t\t\t<span class=\"elementor-button-content-wrapper\">\n\t\t\t\t\t\t\t\t\t<span class=\"elementor-button-text\">Contate-nos<\/span>\n\t\t\t\t\t<\/span>\n\t\t\t\t\t<\/a>\n\t\t\t\t<\/div>\n\t\t\t\t\t\t\t\t<\/div>\n\t\t\t\t<\/div>\n\t\t\t\t\t<\/div>\n\t\t<\/div>\n\t\t\t\t<div class=\"elementor-column elementor-col-50 elementor-inner-column elementor-element elementor-element-4803081c\" data-id=\"4803081c\" data-element_type=\"column\">\n\t\t\t<div class=\"elementor-widget-wrap elementor-element-populated\">\n\t\t\t\t\t\t<div class=\"elementor-element elementor-element-1ff6e9a7 elementor-widget elementor-widget-image\" data-id=\"1ff6e9a7\" data-element_type=\"widget\" data-widget_type=\"image.default\">\n\t\t\t\t<div class=\"elementor-widget-container\">\n\t\t\t\t\t\t\t\t\t\t\t\t\t\t\t<img fetchpriority=\"high\" decoding=\"async\" width=\"707\" height=\"819\" src=\"https:\/\/roborian.com\/wp-content\/uploads\/2020\/03\/about-welcome.jpg\" class=\"attachment-full size-full wp-image-1219\" alt=\"\" srcset=\"https:\/\/roborian.com\/wp-content\/uploads\/2020\/03\/about-welcome.jpg 707w, https:\/\/roborian.com\/wp-content\/uploads\/2020\/03\/about-welcome-259x300.jpg 259w\" sizes=\"(max-width: 707px) 100vw, 707px\" \/>\t\t\t\t\t\t\t\t\t\t\t\t\t\t\t<\/div>\n\t\t\t\t<\/div>\n\t\t\t\t\t<\/div>\n\t\t<\/div>\n\t\t\t\t\t<\/div>\n\t\t<\/section>\n\t\t\t\t\t<\/div>\n\t\t<\/div>\n\t\t\t\t\t<\/div>\n\t\t<\/section>\n\t\t\t\t<section class=\"elementor-section elementor-top-section elementor-element elementor-element-7ea0be7c elementor-section-content-middle elementor-section-boxed elementor-section-height-default elementor-section-height-default\" data-id=\"7ea0be7c\" data-element_type=\"section\" data-settings=\"{&quot;background_background&quot;:&quot;classic&quot;}\">\n\t\t\t\t\t\t<div class=\"elementor-container elementor-column-gap-no\">\n\t\t\t\t\t<div class=\"elementor-column elementor-col-50 elementor-top-column elementor-element elementor-element-7f5073f3\" data-id=\"7f5073f3\" data-element_type=\"column\" data-settings=\"{&quot;background_background&quot;:&quot;classic&quot;}\">\n\t\t\t<div class=\"elementor-widget-wrap\">\n\t\t\t\t\t\t\t<\/div>\n\t\t<\/div>\n\t\t\t\t<div class=\"elementor-column elementor-col-50 elementor-top-column elementor-element elementor-element-2ab610cf\" data-id=\"2ab610cf\" data-element_type=\"column\">\n\t\t\t<div class=\"elementor-widget-wrap elementor-element-populated\">\n\t\t\t\t\t\t<div class=\"elementor-element elementor-element-4a4a31f0 elementor-widget elementor-widget-heading\" data-id=\"4a4a31f0\" data-element_type=\"widget\" data-widget_type=\"heading.default\">\n\t\t\t\t<div class=\"elementor-widget-container\">\n\t\t\t\t\t<h4 class=\"elementor-heading-title elementor-size-default\">A vantagem da Roborian<\/h4>\t\t\t\t<\/div>\n\t\t\t\t<\/div>\n\t\t\t\t<div class=\"elementor-element elementor-element-65e3c703 elementor-widget elementor-widget-text-editor\" data-id=\"65e3c703\" data-element_type=\"widget\" data-widget_type=\"text-editor.default\">\n\t\t\t\t<div class=\"elementor-widget-container\">\n\t\t\t\t\t\t\t\t\t<p>A Vantagem da Roborian est\u00e1 em nossa abordagem inovadora das solu\u00e7\u00f5es de Automa\u00e7\u00e3o Inteligente (AI) e Intelig\u00eancia Artificial (IA), impulsionada pelo esp\u00edrito empreendedor de nossos fundadores e por uma equipe formada pelas mentes mais brilhantes do setor.<\/p><p>Com uma vasta experi\u00eancia internacional e um compromisso com a excel\u00eancia, oferecemos solu\u00e7\u00f5es de IA sob medida que impulsionam a efici\u00eancia de custos, a excel\u00eancia operacional e o crescimento transformador para nossos clientes. Liderados pelas mentes mais claras de uma gera\u00e7\u00e3o, somos seu parceiro de confian\u00e7a para navegar pelas complexidades da transforma\u00e7\u00e3o digital e desbloquear todo o potencial da automa\u00e7\u00e3o para o seu neg\u00f3cio.<\/p>\t\t\t\t\t\t\t\t<\/div>\n\t\t\t\t<\/div>\n\t\t\t\t\t<\/div>\n\t\t<\/div>\n\t\t\t\t\t<\/div>\n\t\t<\/section>\n\t\t\t\t<section class=\"elementor-section elementor-top-section elementor-element elementor-element-4f595b0e elementor-section-content-middle elementor-section-boxed elementor-section-height-default elementor-section-height-default\" data-id=\"4f595b0e\" data-element_type=\"section\" data-settings=\"{&quot;shape_divider_top&quot;:&quot;pyramids&quot;,&quot;shape_divider_top_negative&quot;:&quot;yes&quot;}\">\n\t\t\t\t\t<div class=\"elementor-shape elementor-shape-top\" data-negative=\"true\">\n\t\t\t<svg xmlns=\"http:\/\/www.w3.org\/2000\/svg\" viewbox=\"0 0 1000 100\" preserveaspectratio=\"none\">\n\t<path class=\"elementor-shape-fill\" d=\"M761.9,40.6L643.1,24L333.9,93.8L0.1,1H0v99h1000V1\"\/>\n<\/svg>\t\t<\/div>\n\t\t\t\t\t<div class=\"elementor-container elementor-column-gap-no\">\n\t\t\t\t\t<div class=\"elementor-column elementor-col-50 elementor-top-column elementor-element elementor-element-69f50ca8\" data-id=\"69f50ca8\" data-element_type=\"column\">\n\t\t\t<div class=\"elementor-widget-wrap elementor-element-populated\">\n\t\t\t\t\t\t<div class=\"elementor-element elementor-element-c5061ec gyan-title-st-line-after elementor-widget elementor-widget-gyan_title\" data-id=\"c5061ec\" data-element_type=\"widget\" data-widget_type=\"gyan_title.default\">\n\t\t\t\t<div class=\"elementor-widget-container\">\n\t\t\t\t\t\t\t<div class=\"gyan-title\">\r\n\t\t\t<div class=\"gyan-title-subtitle\"><span>Quem somos n\u00f3s?<\/span><\/div><h2 class=\"gyan-title-heading\">Sobre n\u00f3s<\/h2>\t\t<\/div>\r\n\t\t\t\t\t\t<\/div>\n\t\t\t\t<\/div>\n\t\t\t\t<div class=\"elementor-element elementor-element-60c05c5e elementor-widget elementor-widget-text-editor\" data-id=\"60c05c5e\" data-element_type=\"widget\" data-widget_type=\"text-editor.default\">\n\t\t\t\t<div class=\"elementor-widget-container\">\n\t\t\t\t\t\t\t\t\t<p>A nossa hist\u00f3ria \u00e9 um conto de determina\u00e7\u00e3o, paix\u00e3o e inova\u00e7\u00e3o. Os nossos primeiros passos como Roborian foram em 2023, na efervescente era da tecnologia e n\u00f3s sempre acreditamos que a tecnologia \u00e9 muito mais do que ferramentas; ela \u00e9 uma janela para um mundo de possibilidades ilimitadas.<br \/>Os nossos fundadores possuem mais de 19 anos de experi\u00eancia em TI, e fomos aben\u00e7oados com a oportunidade de expandir os nossos horizontes e atender uma crescente base de clientes. Desde ent\u00e3o nos dedicamos ainda mais \u00e0 constru\u00e7\u00e3o de parcerias s\u00f3lidas, unindo for\u00e7as com empresas em busca da excel\u00eancia digital nos seus processos de neg\u00f3cios.<br \/>Mas n\u00e3o estar\u00edamos aqui sem a nossa equipa extraordin\u00e1ria, um grupo de mentes brilhantes, apaixonadas pela revolu\u00e7\u00e3o tecnol\u00f3gica. Cada um de n\u00f3s traz consigo uma chama ardente de inova\u00e7\u00e3o, dedicado a transformar sonhos em realidade por meio de solu\u00e7\u00f5es de automa\u00e7\u00e3o inteligente que n\u00e3o apenas impulsionam a produtividade, mas tamb\u00e9m inspiram o crescimento e promovem melhorias em todas as esferas.<br \/>A nossa jornada at\u00e9 aqui foi marcada por desafios superados, obst\u00e1culos enfrentados e, acima de tudo, momentos de triunfo que nos impulsionaram para frente. Somos impelidos por uma vis\u00e3o compartilhada de um futuro onde a tecnologia n\u00e3o \u00e9 apenas uma ferramenta, mas sim um catalisador para a mudan\u00e7a positiva nas nossas vidas e no nosso mundo.<\/p><p>Cada passo que damos, cada projeto que conclu\u00edmos, \u00e9 mais um tijolo no caminho rumo \u00e0 realiza\u00e7\u00e3o desse sonho. E enquanto olhamos para o futuro, estamos cheios de empolga\u00e7\u00e3o e entusiasmo pelo que est\u00e1 por vir. Porque na Roborian, acreditamos que o melhor ainda est\u00e1 por vir, e estamos prontos para abra\u00e7ar cada desafio com fervor e determina\u00e7\u00e3o, prontos para continuar revolucionando o mundo da tecnologia, um passo de cada vez.<\/p>\t\t\t\t\t\t\t\t<\/div>\n\t\t\t\t<\/div>\n\t\t\t\t\t<\/div>\n\t\t<\/div>\n\t\t\t\t<div class=\"elementor-column elementor-col-50 elementor-top-column elementor-element elementor-element-724f78f8\" data-id=\"724f78f8\" data-element_type=\"column\">\n\t\t\t<div class=\"elementor-widget-wrap elementor-element-populated\">\n\t\t\t\t\t\t<div class=\"elementor-element elementor-element-ebe7f4f gyan-title-st-line-after elementor-widget elementor-widget-gyan_title\" data-id=\"ebe7f4f\" data-element_type=\"widget\" data-widget_type=\"gyan_title.default\">\n\t\t\t\t<div class=\"elementor-widget-container\">\n\t\t\t\t\t\t\t<div class=\"gyan-title\">\r\n\t\t\t<div class=\"gyan-title-subtitle\"><span>Os #5 R's<\/span><\/div><h2 class=\"gyan-title-heading\">Nossos valores corporativos<\/h2>\t\t<\/div>\r\n\t\t\t\t\t\t<\/div>\n\t\t\t\t<\/div>\n\t\t\t\t<div class=\"elementor-element elementor-element-e845ac1 gyan-icon-list-traditional gyan-icon-left elementor-widget elementor-widget-gyan_icon_list\" data-id=\"e845ac1\" data-element_type=\"widget\" data-widget_type=\"gyan_icon_list.default\">\n\t\t\t\t<div class=\"elementor-widget-container\">\n\t\t\t\t\t        <div class=\"gyan-icon-list-wrap\">\n            <ul class=\"gyan-ilist-items\">\n                                                            <li>\n                                                                <span class=\"gyan-icon-wrapper\">\n                                                                                        <span class=\"gyan-icon-list-icon gyan-icon\"><i aria-hidden=\"true\" class=\"fas fa-arrow-circle-right\"><\/i><\/span>\n\t\t\t\t\t\t\t\t\t\t\t\t                                    <\/span>\n                                    <span class=\"gyan-icon-list-text\">Respeito<\/span>                        <\/li>\n                                                <\/ul>\n        <\/div>\n        \t\t\t\t<\/div>\n\t\t\t\t<\/div>\n\t\t\t\t<div class=\"elementor-element elementor-element-cd64010 elementor-widget elementor-widget-text-editor\" data-id=\"cd64010\" data-element_type=\"widget\" data-widget_type=\"text-editor.default\">\n\t\t\t\t<div class=\"elementor-widget-container\">\n\t\t\t\t\t\t\t\t\t<p>No cora\u00e7\u00e3o da nossa empresa est\u00e1 o valor fundamental do respeito. Respeitamos nossos clientes, colegas de equipe e as comunidades em que operamos. Valorizamos as perspectivas individuais e reconhecemos a diversidade como uma for\u00e7a que enriquece o nosso ambiente de trabalho. Mantemos um ambiente onde todos s\u00e3o tratados com dignidade e justi\u00e7a, promovendo uma cultura de respeito m\u00fatuo.<\/p>\t\t\t\t\t\t\t\t<\/div>\n\t\t\t\t<\/div>\n\t\t\t\t<div class=\"elementor-element elementor-element-526e2e1 gyan-icon-list-traditional gyan-icon-left elementor-widget elementor-widget-gyan_icon_list\" data-id=\"526e2e1\" data-element_type=\"widget\" data-widget_type=\"gyan_icon_list.default\">\n\t\t\t\t<div class=\"elementor-widget-container\">\n\t\t\t\t\t        <div class=\"gyan-icon-list-wrap\">\n            <ul class=\"gyan-ilist-items\">\n                                                            <li>\n                                                                <span class=\"gyan-icon-wrapper\">\n                                                                                        <span class=\"gyan-icon-list-icon gyan-icon\"><i aria-hidden=\"true\" class=\"fas fa-arrow-circle-right\"><\/i><\/span>\n\t\t\t\t\t\t\t\t\t\t\t\t                                    <\/span>\n                                    <span class=\"gyan-icon-list-text\">Resili\u00eancia<\/span>                        <\/li>\n                                                <\/ul>\n        <\/div>\n        \t\t\t\t<\/div>\n\t\t\t\t<\/div>\n\t\t\t\t<div class=\"elementor-element elementor-element-868e83d elementor-widget elementor-widget-text-editor\" data-id=\"868e83d\" data-element_type=\"widget\" data-widget_type=\"text-editor.default\">\n\t\t\t\t<div class=\"elementor-widget-container\">\n\t\t\t\t\t\t\t\t\t<p>Enfrentamos desafios com determina\u00e7\u00e3o e resili\u00eancia. Reconhecemos que os obst\u00e1culos s\u00e3o inevit\u00e1veis, mas como respondemos a eles define o nosso sucesso. Demonstramos resili\u00eancia nos adaptando \u00e0s mudan\u00e7as, aprendendo com nossas experi\u00eancias e perseverando diante das adversidades. Cultivamos um ambiente que valoriza a resili\u00eancia como uma habilidade essencial para o crescimento pessoal e organizacional.<\/p>\t\t\t\t\t\t\t\t<\/div>\n\t\t\t\t<\/div>\n\t\t\t\t<div class=\"elementor-element elementor-element-fe8e4c7 gyan-icon-list-traditional gyan-icon-left elementor-widget elementor-widget-gyan_icon_list\" data-id=\"fe8e4c7\" data-element_type=\"widget\" data-widget_type=\"gyan_icon_list.default\">\n\t\t\t\t<div class=\"elementor-widget-container\">\n\t\t\t\t\t        <div class=\"gyan-icon-list-wrap\">\n            <ul class=\"gyan-ilist-items\">\n                                                            <li>\n                                                                <span class=\"gyan-icon-wrapper\">\n                                                                                        <span class=\"gyan-icon-list-icon gyan-icon\"><i aria-hidden=\"true\" class=\"fas fa-arrow-circle-right\"><\/i><\/span>\n\t\t\t\t\t\t\t\t\t\t\t\t                                    <\/span>\n                                    <span class=\"gyan-icon-list-text\">Responsabilidade<\/span>                        <\/li>\n                                                <\/ul>\n        <\/div>\n        \t\t\t\t<\/div>\n\t\t\t\t<\/div>\n\t\t\t\t<div class=\"elementor-element elementor-element-daae166 elementor-widget elementor-widget-text-editor\" data-id=\"daae166\" data-element_type=\"widget\" data-widget_type=\"text-editor.default\">\n\t\t\t\t<div class=\"elementor-widget-container\">\n\t\t\t\t\t\t\t\t\t<p>Assumimos a responsabilidade por nossas decis\u00f5es e seus impactos, tanto interna quanto externamente. Cumprimos nossos compromissos com integridade e transpar\u00eancia, priorizando a sustentabilidade em todas as nossas opera\u00e7\u00f5es. Estamos conscientes do impacto que temos no mundo que nos rodeia e esfor\u00e7amo-nos por ser agentes positivos de mudan\u00e7a.<\/p>\t\t\t\t\t\t\t\t<\/div>\n\t\t\t\t<\/div>\n\t\t\t\t<div class=\"elementor-element elementor-element-c84bdee gyan-icon-list-traditional gyan-icon-left elementor-widget elementor-widget-gyan_icon_list\" data-id=\"c84bdee\" data-element_type=\"widget\" data-widget_type=\"gyan_icon_list.default\">\n\t\t\t\t<div class=\"elementor-widget-container\">\n\t\t\t\t\t        <div class=\"gyan-icon-list-wrap\">\n            <ul class=\"gyan-ilist-items\">\n                                                            <li>\n                                                                <span class=\"gyan-icon-wrapper\">\n                                                                                        <span class=\"gyan-icon-list-icon gyan-icon\"><i aria-hidden=\"true\" class=\"fas fa-arrow-circle-right\"><\/i><\/span>\n\t\t\t\t\t\t\t\t\t\t\t\t                                    <\/span>\n                                    <span class=\"gyan-icon-list-text\">Resolutividade<\/span>                        <\/li>\n                                                <\/ul>\n        <\/div>\n        \t\t\t\t<\/div>\n\t\t\t\t<\/div>\n\t\t\t\t<div class=\"elementor-element elementor-element-747792d elementor-widget elementor-widget-text-editor\" data-id=\"747792d\" data-element_type=\"widget\" data-widget_type=\"text-editor.default\">\n\t\t\t\t<div class=\"elementor-widget-container\">\n\t\t\t\t\t\t\t\t\t<p>Temos a capacidade de resolver problemas de forma criativa e eficaz, aproveitamos ao m\u00e1ximo os recursos dispon\u00edveis e nos adaptamos \u00e0s mudan\u00e7as nas circunst\u00e2ncias para atingir os objetivos. Abra\u00e7amos a desenvoltura como um valor fundamental, aproveitando a nossa engenhosidade e experi\u00eancia para impulsionar a inova\u00e7\u00e3o e o sucesso em todos os empreendimentos.<\/p>\t\t\t\t\t\t\t\t<\/div>\n\t\t\t\t<\/div>\n\t\t\t\t<div class=\"elementor-element elementor-element-d7e0fba gyan-icon-list-traditional gyan-icon-left elementor-widget elementor-widget-gyan_icon_list\" data-id=\"d7e0fba\" data-element_type=\"widget\" data-widget_type=\"gyan_icon_list.default\">\n\t\t\t\t<div class=\"elementor-widget-container\">\n\t\t\t\t\t        <div class=\"gyan-icon-list-wrap\">\n            <ul class=\"gyan-ilist-items\">\n                                                            <li>\n                                                                <span class=\"gyan-icon-wrapper\">\n                                                                                        <span class=\"gyan-icon-list-icon gyan-icon\"><i aria-hidden=\"true\" class=\"fas fa-arrow-circle-right\"><\/i><\/span>\n\t\t\t\t\t\t\t\t\t\t\t\t                                    <\/span>\n                                    <span class=\"gyan-icon-list-text\">Revolucion\u00e1ria<\/span>                        <\/li>\n                                                <\/ul>\n        <\/div>\n        \t\t\t\t<\/div>\n\t\t\t\t<\/div>\n\t\t\t\t<div class=\"elementor-element elementor-element-e217f6b elementor-widget elementor-widget-text-editor\" data-id=\"e217f6b\" data-element_type=\"widget\" data-widget_type=\"text-editor.default\">\n\t\t\t\t<div class=\"elementor-widget-container\">\n\t\t\t\t\t\t\t\t\t<p>Adotamos uma mentalidade revolucion\u00e1ria, desafiando o status quo e buscando constantemente a inova\u00e7\u00e3o. Estamos sempre em busca de novas maneiras de criar valor para nossos clientes, transformar ind\u00fastrias e impulsionar o progresso. Encorajamos a criatividade, a experimenta\u00e7\u00e3o e o pensamento inovador em tudo o que fazemos. Somos movidos pela paix\u00e3o de fazer a diferen\u00e7a e liderar mudan\u00e7as significativas em nosso setor e al\u00e9m dele.<\/p>\t\t\t\t\t\t\t\t<\/div>\n\t\t\t\t<\/div>\n\t\t\t\t\t<\/div>\n\t\t<\/div>\n\t\t\t\t\t<\/div>\n\t\t<\/section>\n\t\t\t\t<\/div>","protected":false},"excerpt":{"rendered":"<p>Our Mission Revolutionize the future by democratizing technology , simplifying its accessibility and offering customized and efficient solutions. Drive innovation and lead meaningful change for a more connected, sustainable, and just world. Our Vision To be the driving force behind a global transformation where technology is an accessible and inclusive [&hellip;]<\/p>","protected":false},"author":1,"featured_media":0,"parent":0,"menu_order":0,"comment_status":"closed","ping_status":"closed","template":"elementor_header_footer","meta":{"footnotes":""},"class_list":["post-161","page","type-page","status-publish","hentry"],"_links":{"self":[{"href":"https:\/\/roborian.com\/pt\/wp-json\/wp\/v2\/pages\/161","targetHints":{"allow":["GET"]}}],"collection":[{"href":"https:\/\/roborian.com\/pt\/wp-json\/wp\/v2\/pages"}],"about":[{"href":"https:\/\/roborian.com\/pt\/wp-json\/wp\/v2\/types\/page"}],"author":[{"embeddable":true,"href":"https:\/\/roborian.com\/pt\/wp-json\/wp\/v2\/users\/1"}],"replies":[{"embeddable":true,"href":"https:\/\/roborian.com\/pt\/wp-json\/wp\/v2\/comments?post=161"}],"version-history":[{"count":38,"href":"https:\/\/roborian.com\/pt\/wp-json\/wp\/v2\/pages\/161\/revisions"}],"predecessor-version":[{"id":3034,"href":"https:\/\/roborian.com\/pt\/wp-json\/wp\/v2\/pages\/161\/revisions\/3034"}],"wp:attachment":[{"href":"https:\/\/roborian.com\/pt\/wp-json\/wp\/v2\/media?parent=161"}],"curies":[{"name":"wp","href":"https:\/\/api.w.org\/{rel}","templated":true}]}}