{"id":1733,"date":"2020-04-10T14:22:09","date_gmt":"2020-04-10T14:22:09","guid":{"rendered":"http:\/\/bizix.premiumthemes.in\/?page_id=1733"},"modified":"2023-05-04T12:49:41","modified_gmt":"2023-05-04T12:49:41","slug":"case-studies","status":"publish","type":"page","link":"https:\/\/roborian.com\/pt\/case-studies\/","title":{"rendered":"Estudos de caso"},"content":{"rendered":"<div data-elementor-type=\"wp-page\" data-elementor-id=\"1733\" class=\"elementor elementor-1733\">\n\t\t\t\t\t\t<section class=\"elementor-section elementor-top-section elementor-element elementor-element-29156710 elementor-section-boxed elementor-section-height-default elementor-section-height-default\" data-id=\"29156710\" data-element_type=\"section\">\n\t\t\t\t\t\t<div class=\"elementor-container elementor-column-gap-default\">\n\t\t\t\t\t<div class=\"elementor-column elementor-col-100 elementor-top-column elementor-element elementor-element-23c083a9\" data-id=\"23c083a9\" data-element_type=\"column\">\n\t\t\t<div class=\"elementor-widget-wrap elementor-element-populated\">\n\t\t\t\t\t\t<div class=\"elementor-element elementor-element-79087616 elementor-grid-3 elementor-grid-tablet-2 elementor-grid-mobile-1 elementor-widget elementor-widget-gyan_portfolio\" data-id=\"79087616\" data-element_type=\"widget\" data-settings=\"{&quot;columns&quot;:&quot;3&quot;,&quot;columns_tablet&quot;:&quot;2&quot;,&quot;columns_mobile&quot;:&quot;1&quot;}\" data-widget_type=\"gyan_portfolio.default\">\n\t\t\t\t<div class=\"elementor-widget-container\">\n\t\t\t\t\t        <div class=\"gyan-portfolio gyan-portfolio-79087616\"\n        data-layout=\"grid\" data-rtl=\"false\">\n\n            <div class=\"gyan-portfolio-btns\"><button class=\"gyan-portfolio-btn gyan-button is-checked\" data-filter=\"*\">Todos<\/button><button href=\"#\" class=\"gyan-portfolio-btn gyan-button\" data-filter=\".cat-13\" title=\"Servi\u00e7os banc\u00e1rios e financeiros\">Servi\u00e7os banc\u00e1rios e financeiros<\/button><button href=\"#\" class=\"gyan-portfolio-btn gyan-button\" data-filter=\".cat-26\" title=\"Educa\u00e7\u00e3o\">Educa\u00e7\u00e3o<\/button><button href=\"#\" class=\"gyan-portfolio-btn gyan-button\" data-filter=\".cat-25\" title=\"Energia e Utilidades\">Energia e Utilidades<\/button><button href=\"#\" class=\"gyan-portfolio-btn gyan-button\" data-filter=\".cat-24\" title=\"Log\u00edstica e Transporte\">Log\u00edstica e Transporte<\/button><button href=\"#\" class=\"gyan-portfolio-btn gyan-button\" data-filter=\".cat-23\" title=\"Manufatura\">Manufatura<\/button><button href=\"#\" class=\"gyan-portfolio-btn gyan-button\" data-filter=\".cat-17\" title=\"Varejo e E-commerce\">Varejo e E-commerce<\/button><button href=\"#\" class=\"gyan-portfolio-btn gyan-button\" data-filter=\".cat-31\" title=\"Vendas e Marketing\">Vendas e Marketing<\/button><button href=\"#\" class=\"gyan-portfolio-btn gyan-button\" data-filter=\".cat-30\" title=\"Telecomunica\u00e7\u00f5es e M\u00eddia\">Telecomunica\u00e7\u00f5es e M\u00eddia<\/button>\n<\/div>\n            <div class=\"gyan-portfolio-grid gyan-elementor-grid gyan-pf-style-2 gyan-pf-overlay-fade gyan-pf-content-center\" >\n                                    <div class=\"gyan-portfolio-item gyan-grid-item-wrap cat-13\">\n                            <div class=\"gyan-portfolio-item-inner gyan-grid-item\">\n                                <div class=\"gyan-portfolio-img-holder\">\n    <img fetchpriority=\"high\" decoding=\"async\" width=\"2560\" height=\"1922\" src=\"https:\/\/roborian.com\/wp-content\/uploads\/2023\/07\/tierra-mallorca-NpTbVOkkom8-unsplash-scaled.jpg\" class=\"attachment-full size-full\" alt=\"\" srcset=\"https:\/\/roborian.com\/wp-content\/uploads\/2023\/07\/tierra-mallorca-NpTbVOkkom8-unsplash-scaled.jpg 2560w, https:\/\/roborian.com\/wp-content\/uploads\/2023\/07\/tierra-mallorca-NpTbVOkkom8-unsplash-300x225.jpg 300w, https:\/\/roborian.com\/wp-content\/uploads\/2023\/07\/tierra-mallorca-NpTbVOkkom8-unsplash-1024x769.jpg 1024w, https:\/\/roborian.com\/wp-content\/uploads\/2023\/07\/tierra-mallorca-NpTbVOkkom8-unsplash-768x577.jpg 768w, https:\/\/roborian.com\/wp-content\/uploads\/2023\/07\/tierra-mallorca-NpTbVOkkom8-unsplash-1536x1153.jpg 1536w, https:\/\/roborian.com\/wp-content\/uploads\/2023\/07\/tierra-mallorca-NpTbVOkkom8-unsplash-2048x1538.jpg 2048w, https:\/\/roborian.com\/wp-content\/uploads\/2023\/07\/tierra-mallorca-NpTbVOkkom8-unsplash-16x12.jpg 16w\" sizes=\"(max-width: 2560px) 100vw, 2560px\" \/>\n        <div class=\"gyan-portfolio-overlay gyan-overlay gyan-flex\">\n            <div class=\"gyan-portfolio-all-content gyan-ease-transition gyan-flex\">\n\n                \n                    <div class=\"gyan-portfolio-content gyan-flex gyan-ease-transition\">\n\n                        \n                            <div class=\"gyan-portfolio-hover-icons\"><a class=\"elementor-clickable gyan-portfolio-zoom-icon gyan-ease-transition gyan-flex\" data-elementor-open-lightbox=\"yes\" data-elementor-lightbox-slideshow=\"79087616\" data-elementor-lightbox-index=\"0\" href=\"https:\/\/roborian.com\/wp-content\/uploads\/2023\/07\/tierra-mallorca-NpTbVOkkom8-unsplash-scaled.jpg\" ><span class=\"gyan-icon\"><i aria-hidden=\"true\" class=\"fas fa-expand-arrows-alt\"><\/i><\/span><\/a><a href=\"https:\/\/roborian.com\/pt\/case-study\/real-estate-broker-process-automation\/\" class=\"gyan-portfolio-link-icon gyan-ease-transition gyan-flex\"><span class=\"gyan-icon\"><i aria-hidden=\"true\" class=\"fas fa-share\"><\/i><\/span><\/a><\/div>\n\n                    \n                                                     <div class=\"gyan-portfolio-title\">\n                                <h4  class=\"gyan-portfolio-title-tag\">\n                                                                    <a href=\"https:\/\/roborian.com\/pt\/case-study\/real-estate-broker-process-automation\/\" class=\"gyan-portfolio-title-link\">\n                                \n                                Real Estate broker process automation\n                                                                    <\/a>\n                                                                <\/h4>\n                            <\/div>\n                        \n                        <div class=\"gyan-portfolio-category\">Servi\u00e7os banc\u00e1rios e financeiros<\/div>\n                        \n                    <\/div>\n\n                 \n            <\/div>\n        <\/div>\n\n     \n<\/div>                            <\/div>\n                        <\/div>\n                                                    <div class=\"gyan-portfolio-item gyan-grid-item-wrap cat-13 cat-26 cat-25 cat-17 cat-31 cat-30\">\n                            <div class=\"gyan-portfolio-item-inner gyan-grid-item\">\n                                <div class=\"gyan-portfolio-img-holder\">\n    <img decoding=\"async\" width=\"2560\" height=\"1707\" src=\"https:\/\/roborian.com\/wp-content\/uploads\/2023\/05\/daria-nepriakhina-zoCDWPuiRuA-unsplash-scaled.jpg\" class=\"attachment-full size-full\" alt=\"\" srcset=\"https:\/\/roborian.com\/wp-content\/uploads\/2023\/05\/daria-nepriakhina-zoCDWPuiRuA-unsplash-scaled.jpg 2560w, https:\/\/roborian.com\/wp-content\/uploads\/2023\/05\/daria-nepriakhina-zoCDWPuiRuA-unsplash-300x200.jpg 300w, https:\/\/roborian.com\/wp-content\/uploads\/2023\/05\/daria-nepriakhina-zoCDWPuiRuA-unsplash-1024x683.jpg 1024w, https:\/\/roborian.com\/wp-content\/uploads\/2023\/05\/daria-nepriakhina-zoCDWPuiRuA-unsplash-768x512.jpg 768w, https:\/\/roborian.com\/wp-content\/uploads\/2023\/05\/daria-nepriakhina-zoCDWPuiRuA-unsplash-1536x1024.jpg 1536w, https:\/\/roborian.com\/wp-content\/uploads\/2023\/05\/daria-nepriakhina-zoCDWPuiRuA-unsplash-2048x1365.jpg 2048w\" sizes=\"(max-width: 2560px) 100vw, 2560px\" \/>\n        <div class=\"gyan-portfolio-overlay gyan-overlay gyan-flex\">\n            <div class=\"gyan-portfolio-all-content gyan-ease-transition gyan-flex\">\n\n                \n                    <div class=\"gyan-portfolio-content gyan-flex gyan-ease-transition\">\n\n                        \n                            <div class=\"gyan-portfolio-hover-icons\"><a class=\"elementor-clickable gyan-portfolio-zoom-icon gyan-ease-transition gyan-flex\" data-elementor-open-lightbox=\"yes\" data-elementor-lightbox-slideshow=\"79087616\" data-elementor-lightbox-index=\"1\" href=\"https:\/\/roborian.com\/wp-content\/uploads\/2023\/05\/daria-nepriakhina-zoCDWPuiRuA-unsplash-scaled.jpg\" ><span class=\"gyan-icon\"><i aria-hidden=\"true\" class=\"fas fa-expand-arrows-alt\"><\/i><\/span><\/a><a href=\"https:\/\/roborian.com\/pt\/case-study\/startup-automation\/\" class=\"gyan-portfolio-link-icon gyan-ease-transition gyan-flex\"><span class=\"gyan-icon\"><i aria-hidden=\"true\" class=\"fas fa-share\"><\/i><\/span><\/a><\/div>\n\n                    \n                                                     <div class=\"gyan-portfolio-title\">\n                                <h4  class=\"gyan-portfolio-title-tag\">\n                                                                    <a href=\"https:\/\/roborian.com\/pt\/case-study\/startup-automation\/\" class=\"gyan-portfolio-title-link\">\n                                \n                                Automa\u00e7\u00e3o de inicializa\u00e7\u00e3o\n                                                                    <\/a>\n                                                                <\/h4>\n                            <\/div>\n                        \n                        <div class=\"gyan-portfolio-category\">Banking and Financial Services, Education, Energy and Utilities, Retail and E-commerce, Sales and Marketing, Telecom and Media<\/div>\n                        \n                    <\/div>\n\n                 \n            <\/div>\n        <\/div>\n\n     \n<\/div>                            <\/div>\n                        <\/div>\n                                                    <div class=\"gyan-portfolio-item gyan-grid-item-wrap cat-17\">\n                            <div class=\"gyan-portfolio-item-inner gyan-grid-item\">\n                                <div class=\"gyan-portfolio-img-holder\">\n    <img decoding=\"async\" width=\"2560\" height=\"1538\" src=\"https:\/\/roborian.com\/wp-content\/uploads\/2023\/05\/cardmapr-nl-RPfPJqqN2as-unsplash-scaled.jpg\" class=\"attachment-full size-full\" alt=\"\" srcset=\"https:\/\/roborian.com\/wp-content\/uploads\/2023\/05\/cardmapr-nl-RPfPJqqN2as-unsplash-scaled.jpg 2560w, https:\/\/roborian.com\/wp-content\/uploads\/2023\/05\/cardmapr-nl-RPfPJqqN2as-unsplash-300x180.jpg 300w, https:\/\/roborian.com\/wp-content\/uploads\/2023\/05\/cardmapr-nl-RPfPJqqN2as-unsplash-1024x615.jpg 1024w, https:\/\/roborian.com\/wp-content\/uploads\/2023\/05\/cardmapr-nl-RPfPJqqN2as-unsplash-768x461.jpg 768w, https:\/\/roborian.com\/wp-content\/uploads\/2023\/05\/cardmapr-nl-RPfPJqqN2as-unsplash-1536x923.jpg 1536w, https:\/\/roborian.com\/wp-content\/uploads\/2023\/05\/cardmapr-nl-RPfPJqqN2as-unsplash-2048x1230.jpg 2048w\" sizes=\"(max-width: 2560px) 100vw, 2560px\" \/>\n        <div class=\"gyan-portfolio-overlay gyan-overlay gyan-flex\">\n            <div class=\"gyan-portfolio-all-content gyan-ease-transition gyan-flex\">\n\n                \n                    <div class=\"gyan-portfolio-content gyan-flex gyan-ease-transition\">\n\n                        \n                            <div class=\"gyan-portfolio-hover-icons\"><a class=\"elementor-clickable gyan-portfolio-zoom-icon gyan-ease-transition gyan-flex\" data-elementor-open-lightbox=\"yes\" data-elementor-lightbox-slideshow=\"79087616\" data-elementor-lightbox-index=\"2\" href=\"https:\/\/roborian.com\/wp-content\/uploads\/2023\/05\/cardmapr-nl-RPfPJqqN2as-unsplash-scaled.jpg\" ><span class=\"gyan-icon\"><i aria-hidden=\"true\" class=\"fas fa-expand-arrows-alt\"><\/i><\/span><\/a><a href=\"https:\/\/roborian.com\/pt\/case-study\/e-commerce-automation\/\" class=\"gyan-portfolio-link-icon gyan-ease-transition gyan-flex\"><span class=\"gyan-icon\"><i aria-hidden=\"true\" class=\"fas fa-share\"><\/i><\/span><\/a><\/div>\n\n                    \n                                                     <div class=\"gyan-portfolio-title\">\n                                <h4  class=\"gyan-portfolio-title-tag\">\n                                                                    <a href=\"https:\/\/roborian.com\/pt\/case-study\/e-commerce-automation\/\" class=\"gyan-portfolio-title-link\">\n                                \n                                Automa\u00e7\u00e3o de com\u00e9rcio eletr\u00f4nico\n                                                                    <\/a>\n                                                                <\/h4>\n                            <\/div>\n                        \n                        <div class=\"gyan-portfolio-category\">Varejo e E-commerce<\/div>\n                        \n                    <\/div>\n\n                 \n            <\/div>\n        <\/div>\n\n     \n<\/div>                            <\/div>\n                        <\/div>\n                                                    <div class=\"gyan-portfolio-item gyan-grid-item-wrap cat-24 cat-23\">\n                            <div class=\"gyan-portfolio-item-inner gyan-grid-item\">\n                                <div class=\"gyan-portfolio-img-holder\">\n    <img loading=\"lazy\" decoding=\"async\" width=\"2560\" height=\"1707\" src=\"https:\/\/roborian.com\/wp-content\/uploads\/2020\/02\/petr-magera-pC0pxUMHvWE-unsplash-scaled.jpg\" class=\"attachment-full size-full\" alt=\"\" srcset=\"https:\/\/roborian.com\/wp-content\/uploads\/2020\/02\/petr-magera-pC0pxUMHvWE-unsplash-scaled.jpg 2560w, https:\/\/roborian.com\/wp-content\/uploads\/2020\/02\/petr-magera-pC0pxUMHvWE-unsplash-300x200.jpg 300w, https:\/\/roborian.com\/wp-content\/uploads\/2020\/02\/petr-magera-pC0pxUMHvWE-unsplash-1024x683.jpg 1024w, https:\/\/roborian.com\/wp-content\/uploads\/2020\/02\/petr-magera-pC0pxUMHvWE-unsplash-768x512.jpg 768w, https:\/\/roborian.com\/wp-content\/uploads\/2020\/02\/petr-magera-pC0pxUMHvWE-unsplash-1536x1024.jpg 1536w, https:\/\/roborian.com\/wp-content\/uploads\/2020\/02\/petr-magera-pC0pxUMHvWE-unsplash-2048x1365.jpg 2048w\" sizes=\"(max-width: 2560px) 100vw, 2560px\" \/>\n        <div class=\"gyan-portfolio-overlay gyan-overlay gyan-flex\">\n            <div class=\"gyan-portfolio-all-content gyan-ease-transition gyan-flex\">\n\n                \n                    <div class=\"gyan-portfolio-content gyan-flex gyan-ease-transition\">\n\n                        \n                            <div class=\"gyan-portfolio-hover-icons\"><a class=\"elementor-clickable gyan-portfolio-zoom-icon gyan-ease-transition gyan-flex\" data-elementor-open-lightbox=\"yes\" data-elementor-lightbox-slideshow=\"79087616\" data-elementor-lightbox-index=\"3\" href=\"https:\/\/roborian.com\/wp-content\/uploads\/2020\/02\/petr-magera-pC0pxUMHvWE-unsplash-scaled.jpg\" ><span class=\"gyan-icon\"><i aria-hidden=\"true\" class=\"fas fa-expand-arrows-alt\"><\/i><\/span><\/a><a href=\"https:\/\/roborian.com\/pt\/case-study\/fmcg-food-manufacturer\/\" class=\"gyan-portfolio-link-icon gyan-ease-transition gyan-flex\"><span class=\"gyan-icon\"><i aria-hidden=\"true\" class=\"fas fa-share\"><\/i><\/span><\/a><\/div>\n\n                    \n                                                     <div class=\"gyan-portfolio-title\">\n                                <h4  class=\"gyan-portfolio-title-tag\">\n                                                                    <a href=\"https:\/\/roborian.com\/pt\/case-study\/fmcg-food-manufacturer\/\" class=\"gyan-portfolio-title-link\">\n                                \n                                FMCG \u2013 Fabricante de Alimentos\n                                                                    <\/a>\n                                                                <\/h4>\n                            <\/div>\n                        \n                        <div class=\"gyan-portfolio-category\">Log\u00edstica e Transporte, Manufatura<\/div>\n                        \n                    <\/div>\n\n                 \n            <\/div>\n        <\/div>\n\n     \n<\/div>                            <\/div>\n                        <\/div>\n                                        <\/div><div class=\"clear\"><\/div>\n        <\/div>\n\n         \n        \t\t\t\t<\/div>\n\t\t\t\t<\/div>\n\t\t\t\t\t<\/div>\n\t\t<\/div>\n\t\t\t\t\t<\/div>\n\t\t<\/section>\n\t\t\t\t<\/div>","protected":false},"excerpt":{"rendered":"<p>AllGraphicsMobileWeb Design Crasia tresnul Graphics, Web Design Sectet Adipisc Mobile, Web Design Fusce Pellente Mobile, Web Design Praese Risusqu Graphics, Mobile Viamus Vestibu Mobile, Web Design Crare Tristque Mobile, Web Design Nunces Dignis Graphics, Web Design Vestlum Auctor Graphics, Mobile Aliquam Tincid Graphics, Web Design<\/p>","protected":false},"author":1,"featured_media":0,"parent":0,"menu_order":0,"comment_status":"closed","ping_status":"closed","template":"elementor_header_footer","meta":{"footnotes":""},"class_list":["post-1733","page","type-page","status-publish","hentry"],"_links":{"self":[{"href":"https:\/\/roborian.com\/pt\/wp-json\/wp\/v2\/pages\/1733","targetHints":{"allow":["GET"]}}],"collection":[{"href":"https:\/\/roborian.com\/pt\/wp-json\/wp\/v2\/pages"}],"about":[{"href":"https:\/\/roborian.com\/pt\/wp-json\/wp\/v2\/types\/page"}],"author":[{"embeddable":true,"href":"https:\/\/roborian.com\/pt\/wp-json\/wp\/v2\/users\/1"}],"replies":[{"embeddable":true,"href":"https:\/\/roborian.com\/pt\/wp-json\/wp\/v2\/comments?post=1733"}],"version-history":[{"count":3,"href":"https:\/\/roborian.com\/pt\/wp-json\/wp\/v2\/pages\/1733\/revisions"}],"predecessor-version":[{"id":2060,"href":"https:\/\/roborian.com\/pt\/wp-json\/wp\/v2\/pages\/1733\/revisions\/2060"}],"wp:attachment":[{"href":"https:\/\/roborian.com\/pt\/wp-json\/wp\/v2\/media?parent=1733"}],"curies":[{"name":"wp","href":"https:\/\/api.w.org\/{rel}","templated":true}]}}