{"id":2371,"date":"2023-07-25T09:23:28","date_gmt":"2023-07-25T09:23:28","guid":{"rendered":"https:\/\/roborian.com\/?page_id=2371"},"modified":"2024-09-26T18:26:49","modified_gmt":"2024-09-26T18:26:49","slug":"shared-services-center","status":"publish","type":"page","link":"https:\/\/roborian.com\/pt\/services\/shared-services-center\/","title":{"rendered":"Centro de Servi\u00e7os Compartilhados"},"content":{"rendered":"<div data-elementor-type=\"wp-page\" data-elementor-id=\"2371\" class=\"elementor elementor-2371\">\n\t\t\t\t\t\t<section class=\"elementor-section elementor-top-section elementor-element elementor-element-a94bbd2 elementor-section-stretched elementor-section-boxed elementor-section-height-default elementor-section-height-default\" data-id=\"a94bbd2\" data-element_type=\"section\" data-settings=\"{&quot;stretch_section&quot;:&quot;section-stretched&quot;}\">\n\t\t\t\t\t\t<div class=\"elementor-container elementor-column-gap-no\">\n\t\t\t\t\t<div class=\"elementor-column elementor-col-66 elementor-top-column elementor-element elementor-element-3e8e5d5\" data-id=\"3e8e5d5\" data-element_type=\"column\">\n\t\t\t<div class=\"elementor-widget-wrap elementor-element-populated\">\n\t\t\t\t\t\t<section class=\"elementor-section elementor-inner-section elementor-element elementor-element-7e0c25d elementor-section-boxed elementor-section-height-default elementor-section-height-default\" data-id=\"7e0c25d\" data-element_type=\"section\">\n\t\t\t\t\t\t<div class=\"elementor-container elementor-column-gap-no\">\n\t\t\t\t\t<div class=\"elementor-column elementor-col-100 elementor-inner-column elementor-element elementor-element-8893879\" data-id=\"8893879\" data-element_type=\"column\">\n\t\t\t<div class=\"elementor-widget-wrap elementor-element-populated\">\n\t\t\t\t\t\t<div class=\"elementor-element elementor-element-545a734 gyan-title-st-line-after gyan-title-desc-left elementor-widget elementor-widget-gyan_title\" data-id=\"545a734\" data-element_type=\"widget\" data-widget_type=\"gyan_title.default\">\n\t\t\t\t<div class=\"elementor-widget-container\">\n\t\t\t\t\t\t\t<div class=\"gyan-title\">\r\n\t\t\t<div class=\"gyan-title-subtitle\"><span>Vis\u00e3o geral do servi\u00e7o<\/span><\/div><h2 class=\"gyan-title-heading\">Centro de Servi\u00e7os Compartilhados<\/h2><div class=\"gyan-title-desc\">O Centro de Servi\u00e7os Compartilhados da Roborian \u00e9 uma oferta inovadora projetada exclusivamente para Provedores de Servi\u00e7os Gerenciados (MSPs) e Revendedores de Valor Agregado (VARs). Entendemos os desafios \u00fanicos enfrentados pelos provedores de servi\u00e7os para oferecer solu\u00e7\u00f5es eficientes e econ\u00f4micas aos seus clientes. \u00c9 por isso que o nosso Centro de Servi\u00e7os Compartilhados fornece acesso \u00e0s nossas solu\u00e7\u00f5es de automa\u00e7\u00e3o inteligente de ponta, capacitando os MSPs e VARs a aprimorar suas ofertas de servi\u00e7os, agregar valor e acelerar o crescimento dos neg\u00f3cios.<\/div>\t\t<\/div>\r\n\t\t\t\t\t\t<\/div>\n\t\t\t\t<\/div>\n\t\t\t\t\t<\/div>\n\t\t<\/div>\n\t\t\t\t\t<\/div>\n\t\t<\/section>\n\t\t\t\t<section class=\"elementor-section elementor-inner-section elementor-element elementor-element-a7b248f elementor-section-boxed elementor-section-height-default elementor-section-height-default\" data-id=\"a7b248f\" data-element_type=\"section\">\n\t\t\t\t\t\t<div class=\"elementor-container elementor-column-gap-no\">\n\t\t\t\t\t<div class=\"elementor-column elementor-col-50 elementor-inner-column elementor-element elementor-element-814ea8e\" data-id=\"814ea8e\" data-element_type=\"column\">\n\t\t\t<div class=\"elementor-widget-wrap elementor-element-populated\">\n\t\t\t\t\t\t<div class=\"elementor-element elementor-element-d0d38de elementor-widget elementor-widget-image\" data-id=\"d0d38de\" data-element_type=\"widget\" data-widget_type=\"image.default\">\n\t\t\t\t<div class=\"elementor-widget-container\">\n\t\t\t\t\t\t\t\t\t\t\t\t\t\t\t<img fetchpriority=\"high\" decoding=\"async\" width=\"670\" height=\"670\" src=\"https:\/\/roborian.com\/wp-content\/uploads\/2023\/07\/25.Meeting-670x670.png\" class=\"attachment-swm_image_size_square size-swm_image_size_square wp-image-3413\" alt=\"\" srcset=\"https:\/\/roborian.com\/wp-content\/uploads\/2023\/07\/25.Meeting-670x670.png 670w, https:\/\/roborian.com\/wp-content\/uploads\/2023\/07\/25.Meeting-300x300.png 300w, https:\/\/roborian.com\/wp-content\/uploads\/2023\/07\/25.Meeting-1024x1024.png 1024w, https:\/\/roborian.com\/wp-content\/uploads\/2023\/07\/25.Meeting-150x150.png 150w, https:\/\/roborian.com\/wp-content\/uploads\/2023\/07\/25.Meeting-768x768.png 768w, https:\/\/roborian.com\/wp-content\/uploads\/2023\/07\/25.Meeting-12x12.png 12w, https:\/\/roborian.com\/wp-content\/uploads\/2023\/07\/25.Meeting-90x90.png 90w, https:\/\/roborian.com\/wp-content\/uploads\/2023\/07\/25.Meeting.png 1041w\" sizes=\"(max-width: 670px) 100vw, 670px\" \/>\t\t\t\t\t\t\t\t\t\t\t\t\t\t\t<\/div>\n\t\t\t\t<\/div>\n\t\t\t\t\t<\/div>\n\t\t<\/div>\n\t\t\t\t<div class=\"elementor-column elementor-col-50 elementor-inner-column elementor-element elementor-element-17b7148\" data-id=\"17b7148\" data-element_type=\"column\">\n\t\t\t<div class=\"elementor-widget-wrap elementor-element-populated\">\n\t\t\t\t\t\t<div class=\"elementor-element elementor-element-f83d4a7 elementor-widget elementor-widget-image\" data-id=\"f83d4a7\" data-element_type=\"widget\" data-widget_type=\"image.default\">\n\t\t\t\t<div class=\"elementor-widget-container\">\n\t\t\t\t\t\t\t\t\t\t\t\t\t\t\t<img decoding=\"async\" width=\"670\" height=\"670\" src=\"https:\/\/roborian.com\/wp-content\/uploads\/2023\/07\/114.Coding-670x670.png\" class=\"attachment-swm_image_size_square size-swm_image_size_square wp-image-3114\" alt=\"\" srcset=\"https:\/\/roborian.com\/wp-content\/uploads\/2023\/07\/114.Coding-670x670.png 670w, https:\/\/roborian.com\/wp-content\/uploads\/2023\/07\/114.Coding-300x300.png 300w, https:\/\/roborian.com\/wp-content\/uploads\/2023\/07\/114.Coding-1024x1024.png 1024w, https:\/\/roborian.com\/wp-content\/uploads\/2023\/07\/114.Coding-150x150.png 150w, https:\/\/roborian.com\/wp-content\/uploads\/2023\/07\/114.Coding-768x768.png 768w, https:\/\/roborian.com\/wp-content\/uploads\/2023\/07\/114.Coding-12x12.png 12w, https:\/\/roborian.com\/wp-content\/uploads\/2023\/07\/114.Coding-90x90.png 90w, https:\/\/roborian.com\/wp-content\/uploads\/2023\/07\/114.Coding.png 1041w\" sizes=\"(max-width: 670px) 100vw, 670px\" \/>\t\t\t\t\t\t\t\t\t\t\t\t\t\t\t<\/div>\n\t\t\t\t<\/div>\n\t\t\t\t\t<\/div>\n\t\t<\/div>\n\t\t\t\t\t<\/div>\n\t\t<\/section>\n\t\t\t\t<section class=\"elementor-section elementor-inner-section elementor-element elementor-element-1861ebe elementor-section-boxed elementor-section-height-default elementor-section-height-default\" data-id=\"1861ebe\" data-element_type=\"section\">\n\t\t\t\t\t\t<div class=\"elementor-container elementor-column-gap-no\">\n\t\t\t\t\t<div class=\"elementor-column elementor-col-100 elementor-inner-column elementor-element elementor-element-8722f0c\" data-id=\"8722f0c\" data-element_type=\"column\">\n\t\t\t<div class=\"elementor-widget-wrap elementor-element-populated\">\n\t\t\t\t\t\t<div class=\"elementor-element elementor-element-22ccc17 gyan-title-st-line-after gyan-title-desc-left elementor-widget elementor-widget-gyan_title\" data-id=\"22ccc17\" data-element_type=\"widget\" data-widget_type=\"gyan_title.default\">\n\t\t\t\t<div class=\"elementor-widget-container\">\n\t\t\t\t\t\t\t<div class=\"gyan-title\">\r\n\t\t\t<div class=\"gyan-title-subtitle\"><span>Solu\u00e7\u00f5es<\/span><\/div><h2 class=\"gyan-title-heading\">Consultoria em IA<\/h2><div class=\"gyan-title-desc\">As solu\u00e7\u00f5es de automa\u00e7\u00e3o inteligente da Roborian aproveitam o poder da intelig\u00eancia artificial, da automa\u00e7\u00e3o de processos rob\u00f3ticos (RPA) e da an\u00e1lise avan\u00e7ada para simplificar e otimizar os processos de neg\u00f3cios. Por meio do nosso Centro de Servi\u00e7os Compartilhados, os MSPs e VARs t\u00eam acesso a um conjunto de ferramentas e tecnologias que podem transformar suas opera\u00e7\u00f5es e melhorar a satisfa\u00e7\u00e3o do cliente.<\/div>\t\t<\/div>\r\n\t\t\t\t\t\t<\/div>\n\t\t\t\t<\/div>\n\t\t\t\t<div class=\"elementor-element elementor-element-fba8a02 elementor-widget elementor-widget-gyan_title\" data-id=\"fba8a02\" data-element_type=\"widget\" data-widget_type=\"gyan_title.default\">\n\t\t\t\t<div class=\"elementor-widget-container\">\n\t\t\t\t\t\t\t<div class=\"gyan-title\">\r\n\t\t\t<h2 class=\"gyan-title-heading\">Benef\u00edcios para MSPs e VARs<\/h2>\t\t<\/div>\r\n\t\t\t\t\t\t<\/div>\n\t\t\t\t<\/div>\n\t\t\t\t<div class=\"elementor-element elementor-element-e5316f3 elementor-widget elementor-widget-text-editor\" data-id=\"e5316f3\" data-element_type=\"widget\" data-widget_type=\"text-editor.default\">\n\t\t\t\t<div class=\"elementor-widget-container\">\n\t\t\t\t\t\t\t\t\t<p><strong>Diferencia\u00e7\u00e3o no mercado<\/strong><\/p><p>Ao integrar as solu\u00e7\u00f5es de automa\u00e7\u00e3o inteligente da Roborian em suas ofertas de servi\u00e7os, os MSPs e VARs obt\u00eam uma vantagem competitiva exclusiva no mercado. Destaque-se como l\u00edder em tecnologia, oferecendo solu\u00e7\u00f5es de automa\u00e7\u00e3o transformadoras que o diferenciam dos concorrentes.<\/p><p><strong>Economia de custo e tempo<\/strong><\/p><p>Nossas solu\u00e7\u00f5es de automa\u00e7\u00e3o inteligente simplificam os processos, reduzem a interven\u00e7\u00e3o manual e eliminam erros, resultando em economias significativas de custo e tempo para MSPs e VARs. Maximize a efici\u00eancia operacional e a utiliza\u00e7\u00e3o de recursos, o que se traduz em melhores margens de lucro.<\/p><p><strong>Satisfa\u00e7\u00e3o aprimorada do cliente<\/strong><\/p><p>Ofere\u00e7a valor excepcional aos clientes com nossas solu\u00e7\u00f5es de automa\u00e7\u00e3o inteligente. Capacite-os com maior efici\u00eancia de processos, melhor presta\u00e7\u00e3o de servi\u00e7os e tempos de resposta mais r\u00e1pidos, levando a maiores \u00edndices de satisfa\u00e7\u00e3o e reten\u00e7\u00e3o de clientes.<\/p><p><strong>Crescimento acelerado dos neg\u00f3cios<\/strong><\/p><p>Com acesso a tecnologias de automa\u00e7\u00e3o de \u00faltima gera\u00e7\u00e3o, os MSPs e VARs podem expandir rapidamente suas ofertas de servi\u00e7os e entrar em novos mercados. Nossas solu\u00e7\u00f5es de automa\u00e7\u00e3o inteligente funcionam como um catalisador para o crescimento e a diversifica\u00e7\u00e3o dos neg\u00f3cios.<\/p>\t\t\t\t\t\t\t\t<\/div>\n\t\t\t\t<\/div>\n\t\t\t\t\t<\/div>\n\t\t<\/div>\n\t\t\t\t\t<\/div>\n\t\t<\/section>\n\t\t\t\t<div class=\"elementor-element elementor-element-1e42425 gyan-title-desc-left elementor-widget elementor-widget-gyan_title\" data-id=\"1e42425\" data-element_type=\"widget\" data-widget_type=\"gyan_title.default\">\n\t\t\t\t<div class=\"elementor-widget-container\">\n\t\t\t\t\t\t\t<div class=\"gyan-title\">\r\n\t\t\t<h2 class=\"gyan-title-heading\">Como funciona nosso Centro de Servi\u00e7os Compartilhados<\/h2><div class=\"gyan-title-desc\">Trabalhamos para v\u00e1rias empresas de consultoria, empresas de desenvolvimento de software, provedores de servi\u00e7os gerenciados, revendedores de valor agregado e at\u00e9 mesmo indiv\u00edduos que vendem nossos servi\u00e7os para seus colegas.\n\nGostar\u00edamos muito de lhe contar tudo em uma chamada pessoal individual, mas aqui est\u00e3o os aspectos mais importantes do nosso servi\u00e7o:<\/div>\t\t<\/div>\r\n\t\t\t\t\t\t<\/div>\n\t\t\t\t<\/div>\n\t\t\t\t<div class=\"elementor-element elementor-element-de9edca elementor-widget elementor-widget-text-editor\" data-id=\"de9edca\" data-element_type=\"widget\" data-widget_type=\"text-editor.default\">\n\t\t\t\t<div class=\"elementor-widget-container\">\n\t\t\t\t\t\t\t\t\t<p><strong>Fazemos parte da sua equipe<\/strong><\/p>\n<p>Nossos funcion\u00e1rios agem, escrevem e falam como se fizessem parte de sua empresa. N\u00f3s at\u00e9 colocamos os planos de fundo de suas equipes durante nossas reuni\u00f5es, e os engenheiros podem usar suas camisetas durante uma reuni\u00e3o.<\/p>\n<p><strong>Todas as ferramentas inclu\u00eddas<\/strong><\/p>\n<p>N\u00f3s nos certificamos de que j\u00e1 temos todas as ferramentas necess\u00e1rias para a automa\u00e7\u00e3o inteligente, desde um Automation Suite, IDE, atendimento ao cliente e qualquer outra coisa que voc\u00ea possa imaginar, para que voc\u00ea n\u00e3o precise fazer isso.<br>\u00c9 claro que qualquer uma dessas ferramentas tamb\u00e9m pode ser integrada aos seus pr\u00f3prios sistemas, para que voc\u00ea tenha uma vis\u00e3o geral completa das solicita\u00e7\u00f5es, dos projetos e do progresso de seus clientes.<\/p>\n<p><strong>Marque uma reuni\u00e3o conosco e diga-nos como gostaria de usar nossa equipe como uma extens\u00e3o da sua equipe.<\/strong><\/p>\t\t\t\t\t\t\t\t<\/div>\n\t\t\t\t<\/div>\n\t\t\t\t<div class=\"elementor-element elementor-element-eaa12ed elementor-widget elementor-widget-html\" data-id=\"eaa12ed\" data-element_type=\"widget\" data-widget_type=\"html.default\">\n\t\t\t\t<div class=\"elementor-widget-container\">\n\t\t\t\t\t<iframe src='https:\/\/outlook.office365.com\/owa\/calendar\/Consultancycall@roborian.onmicrosoft.com\/bookings\/' width='100%' height='100%' scrolling='yes' style='border:0; min-height:450px'><\/iframe>\t\t\t\t<\/div>\n\t\t\t\t<\/div>\n\t\t\t\t\t<\/div>\n\t\t<\/div>\n\t\t\t\t<div class=\"elementor-column elementor-col-33 elementor-top-column elementor-element elementor-element-e3269e4\" data-id=\"e3269e4\" data-element_type=\"column\">\n\t\t\t<div class=\"elementor-widget-wrap elementor-element-populated\">\n\t\t\t\t\t\t<section class=\"elementor-section elementor-inner-section elementor-element elementor-element-2d6e98d elementor-section-boxed elementor-section-height-default elementor-section-height-default\" data-id=\"2d6e98d\" data-element_type=\"section\">\n\t\t\t\t\t\t<div class=\"elementor-container elementor-column-gap-no\">\n\t\t\t\t\t<div class=\"elementor-column elementor-col-100 elementor-inner-column elementor-element elementor-element-20a147d\" data-id=\"20a147d\" data-element_type=\"column\">\n\t\t\t<div class=\"elementor-widget-wrap elementor-element-populated\">\n\t\t\t\t\t\t<div class=\"elementor-element elementor-element-ea5f3fc gyan-menu-list-vertical elementor-widget elementor-widget-gyan_menu_list\" data-id=\"ea5f3fc\" data-element_type=\"widget\" data-widget_type=\"gyan_menu_list.default\">\n\t\t\t\t<div class=\"elementor-widget-container\">\n\t\t\t\t\t<div class=\"gyan-menu-list\"><div class=\"menu-our-services-container\"><ul id=\"menu-our-services\" class=\"gyan-menu-list-item gyan-ease-transition\"><li id=\"menu-item-404\" class=\"menu-item menu-item-type-post_type menu-item-object-page menu-item-404\"><a href=\"https:\/\/roborian.com\/pt\/services\/ai-consulting\/\">Consultoria de IA<\/a><\/li>\n<li id=\"menu-item-2816\" class=\"menu-item menu-item-type-post_type menu-item-object-page menu-item-2816\"><a href=\"https:\/\/roborian.com\/pt\/services\/generative-ai\/\">IA generativa<\/a><\/li>\n<li id=\"menu-item-402\" class=\"menu-item menu-item-type-post_type menu-item-object-page menu-item-402\"><a href=\"https:\/\/roborian.com\/pt\/services\/innovation-consulting\/\">Consultoria de Inova\u00e7\u00e3o<\/a><\/li>\n<li id=\"menu-item-403\" class=\"menu-item menu-item-type-post_type menu-item-object-page menu-item-403\"><a href=\"https:\/\/roborian.com\/pt\/services\/intelligent-automation\/\">Automa\u00e7\u00e3o Inteligente<\/a><\/li>\n<li id=\"menu-item-2053\" class=\"menu-item menu-item-type-post_type menu-item-object-page menu-item-2053\"><a href=\"https:\/\/roborian.com\/pt\/services\/software-development\/\">Desenvolvimento de software<\/a><\/li>\n<li id=\"menu-item-2583\" class=\"menu-item menu-item-type-post_type menu-item-object-page menu-item-2583\"><a href=\"https:\/\/roborian.com\/pt\/services\/shared-services-center\/\">Centro de Servi\u00e7os Compartilhados<\/a><\/li>\n<\/ul><\/div><\/div>\t\t\t\t<\/div>\n\t\t\t\t<\/div>\n\t\t\t\t\t<\/div>\n\t\t<\/div>\n\t\t\t\t\t<\/div>\n\t\t<\/section>\n\t\t\t\t<section class=\"elementor-section elementor-inner-section elementor-element elementor-element-7d5d481 elementor-section-boxed elementor-section-height-default elementor-section-height-default\" data-id=\"7d5d481\" data-element_type=\"section\">\n\t\t\t\t\t\t<div class=\"elementor-container elementor-column-gap-default\">\n\t\t\t\t\t<div class=\"elementor-column elementor-col-100 elementor-inner-column elementor-element elementor-element-e0b45a5\" data-id=\"e0b45a5\" data-element_type=\"column\" data-settings=\"{&quot;background_background&quot;:&quot;classic&quot;}\">\n\t\t\t<div class=\"elementor-widget-wrap elementor-element-populated\">\n\t\t\t\t\t\t<div class=\"elementor-element elementor-element-d5c6589 gyan-infobox-position-top gyan-infobox-center-no gyan-infobox-align-center gyan-hover-animation-none gyan-animation-box-fade elementor-widget elementor-widget-gyan_info_box\" data-id=\"d5c6589\" data-element_type=\"widget\" data-widget_type=\"gyan_info_box.default\">\n\t\t\t\t<div class=\"elementor-widget-container\">\n\t\t\t\t\t\n\t\t<div class=\"gyan-info-box gyan-animation-box gyan-ease-transition\">\n\n\t\t\t\n\t\t\t\n\t\t\t\t<div class=\"gyan-infobox-icon-holder gyan-ease-transition\">\n\n\t\t\t\t\t\n\t\t\t\t\t\n\t\t\t\t\t\n\t\t\t\t\t\t\t\t\t\t\t<span class=\"gyan-infobox-image\">\n\t\t\t\t\t\t\t<img decoding=\"async\" width=\"53\" height=\"53\" src=\"https:\/\/roborian.com\/wp-content\/uploads\/2020\/02\/icon-call.png\" class=\"attachment-full size-full wp-image-631\" alt=\"\" \/>\t\t\t\t\t\t<\/span>\n\t\t\t\t\t\n\t\t\t\t\t\n\t\t\t\t<\/div>\n\n\t\t\t\n\t\t\t<div class=\"gyan-infobox-content-holder\">\n\n\t\t\t\t\n\t\t\t\t\t<h4 class=\"gyan-infobox-title gyan-ease-transition\">\n\t\t\t\t\t\t\t\t\t\t\t\tTem alguma pergunta? <br\/>Ligue para n\u00f3s hoje!\t\t\t\t\t\t\t\t\t\t\t<\/h4>\n\n\t\t\t\t\n\t\t\t\t\n\t\t\t\t\n\t\t\t\t\t<h5 class=\"gyan-infobox-content gyan-ease-transition\">\n\t\t\t\t\t\t+1 (877) 899-7626<br>\n<br>\n+44 (808) 175-7544\t\t\t\t\t<\/h5>\n\n\t\t\t\t\n\t\t\t\t\n\t\t\t\t<div class=\"clear\"><\/div>\n\t\t\t<\/div>\n\t\t<\/div>\n\t\t\t\t\t<\/div>\n\t\t\t\t<\/div>\n\t\t\t\t<div class=\"elementor-element elementor-element-ed0bc1b elementor-widget elementor-widget-heading\" data-id=\"ed0bc1b\" data-element_type=\"widget\" data-widget_type=\"heading.default\">\n\t\t\t\t<div class=\"elementor-widget-container\">\n\t\t\t\t\t<h2 class=\"elementor-heading-title elementor-size-default\"><a href=\"mailto:geral@roborian.com\">geral@roborian.com<\/a><\/h2>\t\t\t\t<\/div>\n\t\t\t\t<\/div>\n\t\t\t\t\t<\/div>\n\t\t<\/div>\n\t\t\t\t\t<\/div>\n\t\t<\/section>\n\t\t\t\t<section class=\"elementor-section elementor-inner-section elementor-element elementor-element-ca60ffe elementor-section-boxed elementor-section-height-default elementor-section-height-default\" data-id=\"ca60ffe\" data-element_type=\"section\">\n\t\t\t\t\t\t<div class=\"elementor-container elementor-column-gap-no\">\n\t\t\t\t\t<div class=\"elementor-column elementor-col-100 elementor-inner-column elementor-element elementor-element-d2a925e\" data-id=\"d2a925e\" data-element_type=\"column\" data-settings=\"{&quot;background_background&quot;:&quot;classic&quot;}\">\n\t\t\t<div class=\"elementor-widget-wrap elementor-element-populated\">\n\t\t\t\t\t\t<div class=\"elementor-element elementor-element-ea6457e gyan-infobox-align-left gyan-infobox-fullwidth-button-yes gyan-infobox-position-top gyan-infobox-center-no gyan-hover-animation-none gyan-animation-box-fade elementor-widget elementor-widget-gyan_info_box\" data-id=\"ea6457e\" data-element_type=\"widget\" data-widget_type=\"gyan_info_box.default\">\n\t\t\t\t<div class=\"elementor-widget-container\">\n\t\t\t\t\t\n\t\t<div class=\"gyan-info-box gyan-animation-box gyan-ease-transition\">\n\n\t\t\t\n\t\t\t\n\t\t\t\t<div class=\"gyan-infobox-icon-holder gyan-ease-transition\">\n\n\t\t\t\t\t\n\t\t\t\t\t\n\t\t\t\t\t\t\t\t\t\t\t<span class=\"gyan-infobox-icon gyan-icon gyan-ease-transition\"><\/span>\n\t\t\t\t\t\n\t\t\t\t\t\n\t\t\t\t\t\n\t\t\t\t<\/div>\n\n\t\t\t\n\t\t\t<div class=\"gyan-infobox-content-holder\">\n\n\t\t\t\t\n\t\t\t\t\t<h4 class=\"gyan-infobox-title gyan-ease-transition\">\n\t\t\t\t\t\t\t\t\t\t\t\tSobre a nossa empresa\t\t\t\t\t\t\t\t\t\t\t<\/h4>\n\n\t\t\t\t\n\t\t\t\t\n\t\t\t\t\n\t\t\t\t\t<div class=\"gyan-infobox-content gyan-ease-transition\">\n\t\t\t\t\t\tSomos seu parceiro de tecnologia confi\u00e1vel. Com profunda experi\u00eancia em IA, solu\u00e7\u00f5es personalizadas e um compromisso com estrat\u00e9gias personalizadas, estabelecemos relacionamentos de longo prazo para impulsionar seu sucesso na era digital.\t\t\t\t\t<\/div>\n\n\t\t\t\t\n\t\t\t\t\t\t\t\t\t\t<a href=\"http:\/\/roborian.com\/wp-content\/uploads\/2020\/02\/sample.pdf\" class=\"gyan-infobox-link gyan-info-box-button gyan-ease-transition\" target=\"_blank\"><span>baixar PDF<\/span><\/a>\n\n\t\t\t\t\n\t\t\t\t<div class=\"clear\"><\/div>\n\t\t\t<\/div>\n\t\t<\/div>\n\t\t\t\t\t<\/div>\n\t\t\t\t<\/div>\n\t\t\t\t\t<\/div>\n\t\t<\/div>\n\t\t\t\t\t<\/div>\n\t\t<\/section>\n\t\t\t\t\t<\/div>\n\t\t<\/div>\n\t\t\t\t\t<\/div>\n\t\t<\/section>\n\t\t\t\t<\/div>","protected":false},"excerpt":{"rendered":"<p>Service Overview Shared Services Center Roborian&#8217;s Shared Services Center is a groundbreaking offering designed exclusively for Managed Service Providers (MSPs) and Value Added Resellers (VARs). We understand the unique challenges faced by service providers in delivering efficient, cost-effective solutions to their clients. That&#8217;s why our Shared Services Center provides access [&hellip;]<\/p>","protected":false},"author":1,"featured_media":0,"parent":319,"menu_order":0,"comment_status":"closed","ping_status":"closed","template":"","meta":{"footnotes":""},"class_list":["post-2371","page","type-page","status-publish","hentry"],"_links":{"self":[{"href":"https:\/\/roborian.com\/pt\/wp-json\/wp\/v2\/pages\/2371","targetHints":{"allow":["GET"]}}],"collection":[{"href":"https:\/\/roborian.com\/pt\/wp-json\/wp\/v2\/pages"}],"about":[{"href":"https:\/\/roborian.com\/pt\/wp-json\/wp\/v2\/types\/page"}],"author":[{"embeddable":true,"href":"https:\/\/roborian.com\/pt\/wp-json\/wp\/v2\/users\/1"}],"replies":[{"embeddable":true,"href":"https:\/\/roborian.com\/pt\/wp-json\/wp\/v2\/comments?post=2371"}],"version-history":[{"count":35,"href":"https:\/\/roborian.com\/pt\/wp-json\/wp\/v2\/pages\/2371\/revisions"}],"predecessor-version":[{"id":3448,"href":"https:\/\/roborian.com\/pt\/wp-json\/wp\/v2\/pages\/2371\/revisions\/3448"}],"up":[{"embeddable":true,"href":"https:\/\/roborian.com\/pt\/wp-json\/wp\/v2\/pages\/319"}],"wp:attachment":[{"href":"https:\/\/roborian.com\/pt\/wp-json\/wp\/v2\/media?parent=2371"}],"curies":[{"name":"wp","href":"https:\/\/api.w.org\/{rel}","templated":true}]}}