{"id":319,"date":"2020-02-18T10:14:06","date_gmt":"2020-02-18T10:14:06","guid":{"rendered":"http:\/\/bizix.premiumthemes.in\/?page_id=319"},"modified":"2024-09-17T05:48:43","modified_gmt":"2024-09-17T05:48:43","slug":"services","status":"publish","type":"page","link":"https:\/\/roborian.com\/pt\/services\/","title":{"rendered":"Servi\u00e7os"},"content":{"rendered":"<div data-elementor-type=\"wp-page\" data-elementor-id=\"319\" class=\"elementor elementor-319\">\n\t\t\t\t\t\t<section class=\"elementor-section elementor-top-section elementor-element elementor-element-a45b8f3 elementor-section-stretched elementor-section-boxed elementor-section-height-default elementor-section-height-default\" data-id=\"a45b8f3\" data-element_type=\"section\" data-settings=\"{&quot;stretch_section&quot;:&quot;section-stretched&quot;}\">\n\t\t\t\t\t\t<div class=\"elementor-container elementor-column-gap-no\">\n\t\t\t\t\t<div class=\"elementor-column elementor-col-100 elementor-top-column elementor-element elementor-element-97dcc6d\" data-id=\"97dcc6d\" data-element_type=\"column\">\n\t\t\t<div class=\"elementor-widget-wrap elementor-element-populated\">\n\t\t\t\t\t\t<div class=\"elementor-element elementor-element-1481708 elementor-grid-4 elementor-grid-tablet-2 elementor-grid-mobile-1 elementor-widget elementor-widget-gyan_services_full_text\" data-id=\"1481708\" data-element_type=\"widget\" data-settings=\"{&quot;_animation&quot;:&quot;none&quot;,&quot;columns&quot;:&quot;4&quot;,&quot;columns_tablet&quot;:&quot;2&quot;,&quot;columns_mobile&quot;:&quot;1&quot;}\" data-widget_type=\"gyan_services_full_text.default\">\n\t\t\t\t<div class=\"elementor-widget-container\">\n\t\t\t\t\t\n\t\t<div class=\"gyan-services-full-container gyan-services-full-container-1481708\" data-layout=\"masonry\" data-rtl=\"false\">\n\n\t\t\t<div class=\"gyan-services-full-items gyan-elementor-grid\">\n\n\t\t\t\t\n\t\t\t\t\t<div class=\"gyan-service-full-item gyan-grid-item-wrap\">\n\t\t\t\t\t\t<div class=\"gyan-services-full gyan-grid-item gyan-ease-transition\">\n\t\t\t\t\t\t\t<div class=\"gyan-services-full-img\"><a href=\"http:\/\/roborian.com\/pt\/services\/generative-ai\/\" class=\"gyan-service-full-link\"><img fetchpriority=\"high\" decoding=\"async\" width=\"667\" height=\"515\" src=\"https:\/\/roborian.com\/wp-content\/uploads\/2024\/03\/Generative-AI.jpg\" class=\"attachment-full size-full\" alt=\"\" srcset=\"https:\/\/roborian.com\/wp-content\/uploads\/2024\/03\/Generative-AI.jpg 667w, https:\/\/roborian.com\/wp-content\/uploads\/2024\/03\/Generative-AI-300x232.jpg 300w, https:\/\/roborian.com\/wp-content\/uploads\/2024\/03\/Generative-AI-16x12.jpg 16w\" sizes=\"(max-width: 667px) 100vw, 667px\" \/><\/a><\/div><div class=\"gyan-services-full-content\"><div class=\"gyan-services-full-title-desc\"><h6 class=\"gyan-services-full-title\"><a href=\"http:\/\/roborian.com\/pt\/services\/generative-ai\/\" class=\"gyan-service-full-link\"><\/a><\/h6><\/div><\/div>\t\t\t\t\t\t<\/div>\n\t\t\t\t\t\t<div class=\"clear\"><\/div>\n\t\t\t\t\t<\/div>\n\n\t\t\t\t \n\t\t\t\t\t<div class=\"gyan-service-full-item gyan-grid-item-wrap\">\n\t\t\t\t\t\t<div class=\"gyan-services-full gyan-grid-item gyan-ease-transition\">\n\t\t\t\t\t\t\t<div class=\"gyan-services-full-img\"><a href=\"http:\/\/roborian.com\/pt\/services\/intelligent-automation\/\" class=\"gyan-service-full-link\"><img decoding=\"async\" width=\"667\" height=\"515\" src=\"https:\/\/roborian.com\/wp-content\/uploads\/2024\/03\/Intelligent-Automation.jpg\" class=\"attachment-full size-full\" alt=\"\" srcset=\"https:\/\/roborian.com\/wp-content\/uploads\/2024\/03\/Intelligent-Automation.jpg 667w, https:\/\/roborian.com\/wp-content\/uploads\/2024\/03\/Intelligent-Automation-300x232.jpg 300w, https:\/\/roborian.com\/wp-content\/uploads\/2024\/03\/Intelligent-Automation-16x12.jpg 16w\" sizes=\"(max-width: 667px) 100vw, 667px\" \/><\/a><\/div><div class=\"gyan-services-full-content\"><div class=\"gyan-services-full-title-desc\"><h6 class=\"gyan-services-full-title\"><a href=\"http:\/\/roborian.com\/pt\/services\/intelligent-automation\/\" class=\"gyan-service-full-link\"><\/a><\/h6><\/div><\/div>\t\t\t\t\t\t<\/div>\n\t\t\t\t\t\t<div class=\"clear\"><\/div>\n\t\t\t\t\t<\/div>\n\n\t\t\t\t \n\t\t\t\t\t<div class=\"gyan-service-full-item gyan-grid-item-wrap\">\n\t\t\t\t\t\t<div class=\"gyan-services-full gyan-grid-item gyan-ease-transition\">\n\t\t\t\t\t\t\t<div class=\"gyan-services-full-img\"><a href=\"http:\/\/roborian.com\/pt\/services\/software-development\/\" class=\"gyan-service-full-link\"><img decoding=\"async\" width=\"667\" height=\"515\" src=\"https:\/\/roborian.com\/wp-content\/uploads\/2024\/03\/Software-Development.jpg\" class=\"attachment-full size-full\" alt=\"\" srcset=\"https:\/\/roborian.com\/wp-content\/uploads\/2024\/03\/Software-Development.jpg 667w, https:\/\/roborian.com\/wp-content\/uploads\/2024\/03\/Software-Development-300x232.jpg 300w, https:\/\/roborian.com\/wp-content\/uploads\/2024\/03\/Software-Development-16x12.jpg 16w\" sizes=\"(max-width: 667px) 100vw, 667px\" \/><\/a><\/div><div class=\"gyan-services-full-content\"><div class=\"gyan-services-full-title-desc\"><h6 class=\"gyan-services-full-title\"><a href=\"http:\/\/roborian.com\/pt\/services\/software-development\/\" class=\"gyan-service-full-link\"><\/a><\/h6><\/div><\/div>\t\t\t\t\t\t<\/div>\n\t\t\t\t\t\t<div class=\"clear\"><\/div>\n\t\t\t\t\t<\/div>\n\n\t\t\t\t \n\t\t\t\t\t<div class=\"gyan-service-full-item gyan-grid-item-wrap\">\n\t\t\t\t\t\t<div class=\"gyan-services-full gyan-grid-item gyan-ease-transition\">\n\t\t\t\t\t\t\t<div class=\"gyan-services-full-img\"><a href=\"http:\/\/roborian.com\/pt\/services\/innovation-consulting\/\" class=\"gyan-service-full-link\"><img loading=\"lazy\" decoding=\"async\" width=\"667\" height=\"515\" src=\"https:\/\/roborian.com\/wp-content\/uploads\/2024\/03\/Digital-transformation.jpg\" class=\"attachment-full size-full\" alt=\"\" srcset=\"https:\/\/roborian.com\/wp-content\/uploads\/2024\/03\/Digital-transformation.jpg 667w, https:\/\/roborian.com\/wp-content\/uploads\/2024\/03\/Digital-transformation-300x232.jpg 300w, https:\/\/roborian.com\/wp-content\/uploads\/2024\/03\/Digital-transformation-16x12.jpg 16w\" sizes=\"(max-width: 667px) 100vw, 667px\" \/><\/a><\/div><div class=\"gyan-services-full-content\"><div class=\"gyan-services-full-title-desc\"><h6 class=\"gyan-services-full-title\"><a href=\"http:\/\/roborian.com\/pt\/services\/innovation-consulting\/\" class=\"gyan-service-full-link\"><\/a><\/h6><\/div><\/div>\t\t\t\t\t\t<\/div>\n\t\t\t\t\t\t<div class=\"clear\"><\/div>\n\t\t\t\t\t<\/div>\n\n\t\t\t\t \n\t\t\t <\/div> <!-- gyan-services-full-items -->\n\t\t\t <div class=\"clear\"><\/div>\n\n\t\t<\/div>\n\n\t\t\t\t\t<\/div>\n\t\t\t\t<\/div>\n\t\t\t\t\t<\/div>\n\t\t<\/div>\n\t\t\t\t\t<\/div>\n\t\t<\/section>\n\t\t\t\t<section class=\"elementor-section elementor-top-section elementor-element elementor-element-6381934 elementor-section-boxed elementor-section-height-default elementor-section-height-default\" data-id=\"6381934\" data-element_type=\"section\">\n\t\t\t\t\t\t<div class=\"elementor-container elementor-column-gap-default\">\n\t\t\t\t\t<div class=\"elementor-column elementor-col-100 elementor-top-column elementor-element elementor-element-62fb9a6\" data-id=\"62fb9a6\" data-element_type=\"column\">\n\t\t\t<div class=\"elementor-widget-wrap elementor-element-populated\">\n\t\t\t\t\t\t<div class=\"elementor-element elementor-element-116c5c2 gyan-stack-desktop-no gyan-heading-stack-none elementor-widget elementor-widget-gyan_dual_color_heading\" data-id=\"116c5c2\" data-element_type=\"widget\" data-widget_type=\"gyan_dual_color_heading.default\">\n\t\t\t\t<div class=\"elementor-widget-container\">\n\t\t\t\t\t\t\t<div class=\"gyan-module-content gyan-dual-color-heading\">\r\n\t\t\t<h3>\r\n\t\t\t\t\t\t\t\t\t\t<span class=\"gyan-before-heading\"><span class=\"gyan-dual-heading-text gyan-first-text\">Centro de Servi\u00e7os<\/span><\/span><span class=\"gyan-adv-heading-stack\"><span class=\"gyan-dual-heading-text gyan-highlight-text\">Compartilhados<\/span><\/span>\t\t\t\t\t\t\t<\/h3>\r\n\t\t<\/div>\r\n\t\t\t\t\t\t<\/div>\n\t\t\t\t<\/div>\n\t\t\t\t<div class=\"elementor-element elementor-element-894ba9f elementor-widget elementor-widget-text-editor\" data-id=\"894ba9f\" data-element_type=\"widget\" data-widget_type=\"text-editor.default\">\n\t\t\t\t<div class=\"elementor-widget-container\">\n\t\t\t\t\t\t\t\t\tNa Roborian, funcionamos como um hub centralizado, conhecido como Centro de Servi\u00e7os Compartilhados, oferecendo solu\u00e7\u00f5es de Automa\u00e7\u00e3o Inteligente aos nossos valiosos parceiros. Esses parceiros, que v\u00e3o desde prestadores de servi\u00e7os de TI a contadores, consultores de neg\u00f3cios e v\u00e1rios especialistas, utilizam nossas ofertas reformulando e reembalando-as para atender \u00e0 sua pr\u00f3pria clientela.\n\nNossos servi\u00e7os exclusivos e exclusivos se destacam, permitindo que indiv\u00edduos de diversas origens integrem e comercializem perfeitamente servi\u00e7os de Automa\u00e7\u00e3o Inteligente sob sua pr\u00f3pria identidade de marca.\t\t\t\t\t\t\t\t<\/div>\n\t\t\t\t<\/div>\n\t\t\t\t<div class=\"elementor-element elementor-element-9a4c360 elementor-widget elementor-widget-button\" data-id=\"9a4c360\" data-element_type=\"widget\" data-widget_type=\"button.default\">\n\t\t\t\t<div class=\"elementor-widget-container\">\n\t\t\t\t\t\t\t\t\t<div class=\"elementor-button-wrapper\">\n\t\t\t\t\t<a class=\"elementor-button elementor-button-link elementor-size-sm elementor-animation-grow\" href=\"http:\/\/roborian.com\/pt\/services\/shared-services-center\/\">\n\t\t\t\t\t\t<span class=\"elementor-button-content-wrapper\">\n\t\t\t\t\t\t\t\t\t<span class=\"elementor-button-text\">Consulte mais informa\u00e7\u00f5es<\/span>\n\t\t\t\t\t<\/span>\n\t\t\t\t\t<\/a>\n\t\t\t\t<\/div>\n\t\t\t\t\t\t\t\t<\/div>\n\t\t\t\t<\/div>\n\t\t\t\t\t<\/div>\n\t\t<\/div>\n\t\t\t\t\t<\/div>\n\t\t<\/section>\n\t\t\t\t<\/div>","protected":false},"excerpt":{"rendered":"<p>SharedServices Center At Roborian, we function as a centralized hub, known as the Shared Services Center, offering Intelligent Automation solutions to our valued partners. These partners, ranging from IT service providers to accountants, business consultants, and various specialists, utilize our offerings by rebranding and repackaging them to cater to their [&hellip;]<\/p>","protected":false},"author":1,"featured_media":0,"parent":0,"menu_order":0,"comment_status":"closed","ping_status":"closed","template":"elementor_header_footer","meta":{"footnotes":""},"class_list":["post-319","page","type-page","status-publish","hentry"],"_links":{"self":[{"href":"https:\/\/roborian.com\/pt\/wp-json\/wp\/v2\/pages\/319","targetHints":{"allow":["GET"]}}],"collection":[{"href":"https:\/\/roborian.com\/pt\/wp-json\/wp\/v2\/pages"}],"about":[{"href":"https:\/\/roborian.com\/pt\/wp-json\/wp\/v2\/types\/page"}],"author":[{"embeddable":true,"href":"https:\/\/roborian.com\/pt\/wp-json\/wp\/v2\/users\/1"}],"replies":[{"embeddable":true,"href":"https:\/\/roborian.com\/pt\/wp-json\/wp\/v2\/comments?post=319"}],"version-history":[{"count":71,"href":"https:\/\/roborian.com\/pt\/wp-json\/wp\/v2\/pages\/319\/revisions"}],"predecessor-version":[{"id":3011,"href":"https:\/\/roborian.com\/pt\/wp-json\/wp\/v2\/pages\/319\/revisions\/3011"}],"wp:attachment":[{"href":"https:\/\/roborian.com\/pt\/wp-json\/wp\/v2\/media?parent=319"}],"curies":[{"name":"wp","href":"https:\/\/api.w.org\/{rel}","templated":true}]}}